{"id":14758,"date":"2015-01-23T19:07:25","date_gmt":"2015-01-23T17:07:25","guid":{"rendered":"http:\/\/www.vuokattisafaris.com\/?page_id=14758"},"modified":"2022-11-04T13:06:04","modified_gmt":"2022-11-04T11:06:04","slug":"standorte-treffpunkte","status":"publish","type":"page","link":"https:\/\/www.vuokattisafaris.com\/de\/standorte-treffpunkte\/","title":{"rendered":"Standorte &#038; Treffpunkte"},"content":{"rendered":"<div class=\"wpb-content-wrapper\"><p>[vc_row margin_top=&#8221;0&#8243; margin_bottom=&#8221;-70&#8243; css=&#8221;.vc_custom_1537945669061{margin-bottom: -50px !important;}&#8221;][vc_column width=&#8221;1\/2&#8243;][vc_column_text]<\/p>\n<h2>Safari Center<\/h2>\n<p>Willkommen in unserem Safari Center, das an zentraler Stelle gegen\u00fcber von den Pisten und dem K-Supermarkt gelegen ist.<\/p>\n<p>Im Tourenzentrum k\u00f6nnen Sie sich zu den Programmen anmelden, Ausr\u00fcstung mieten und im Shop finden Sie auch die sch\u00f6nsten Reiseandenken als Mitbringsel.<\/p>\n<p>Unser freundliches Personal empf\u00e4ngt Sie immer mit den besten Tipps zu jeder Jahreszeit und einer umfassenden Kenntnis der Region.[\/vc_column_text][\/vc_column][vc_column width=&#8221;1\/2&#8243;][vc_gmaps link=&#8221;#E-8_JTNDaWZyYW1lJTIwc3JjJTNEJTIyaHR0cHMlM0ElMkYlMkZ3d3cuZ29vZ2xlLmNvbSUyRm1hcHMlMkZlbWJlZCUzRnBiJTNEJTIxMW0xOCUyMTFtMTIlMjExbTMlMjExZDY5NjAuODU0ODcxNjY5NDUyJTIxMmQyOC4yNjM2MzkzNjgyOTIxJTIxM2Q2NC4xNDA2MzgxODMxNDE1JTIxMm0zJTIxMWYwJTIxMmYwJTIxM2YwJTIxM20yJTIxMWkxMDI0JTIxMmk3NjglMjE0ZjEzLjElMjEzbTMlMjExbTIlMjExczB4MDAwMDAwMDAwMDAwMDAwMCUyNTNBMHhhYTNkOTkyNTZkYmY0MjU3JTIxMnNWdW9rYXR0aSUyQlNhZmFyaXMlMkJPeSUyMTVlMCUyMTNtMiUyMTFzZmklMjEyc2ZpJTIxNHYxNDM1NjkzNDgzMTEzJTIyJTIwd2lkdGglM0QlMjI2MDAlMjIlMjBoZWlnaHQlM0QlMjI0NTAlMjIlMjBmcmFtZWJvcmRlciUzRCUyMjAlMjIlMjBzdHlsZSUzRCUyMmJvcmRlciUzQTAlMjIlMjBhbGxvd2Z1bGxzY3JlZW4lM0UlM0MlMkZpZnJhbWUlM0U=&#8221; size=&#8221;350&#8243;][vc_empty_space][\/vc_column][\/vc_row][vc_row margin_top=&#8221;0&#8243; margin_bottom=&#8221;-70&#8243; css=&#8221;.vc_custom_1537945669061{margin-bottom: -50px !important;}&#8221;][vc_column][vc_empty_space height=&#8221;150px&#8221;][\/vc_column][\/vc_row]<\/p>\n<\/div>","protected":false},"excerpt":{"rendered":"<p>[vc_row margin_top=&#8221;0&#8243; margin_bottom=&#8221;-70&#8243; css=&#8221;.vc_custom_1537945669061{margin-bottom: -50px !important;}&#8221;][vc_column width=&#8221;1\/2&#8243;][vc_column_text] Safari Center Willkommen in unserem Safari Center, das an zentraler Stelle gegen\u00fcber von den Pisten und dem K-Supermarkt gelegen ist. Im Tourenzentrum k\u00f6nnen Sie sich zu den Programmen anmelden, Ausr\u00fcstung mieten und im Shop finden Sie auch die sch\u00f6nsten Reiseandenken als Mitbringsel. Unser freundliches Personal empf\u00e4ngt Sie immer&hellip;<\/p>\n","protected":false},"author":1,"featured_media":0,"parent":0,"menu_order":0,"comment_status":"closed","ping_status":"closed","template":"","meta":{"footnotes":""},"class_list":["post-14758","page","type-page","status-publish","hentry","description-off"],"_links":{"self":[{"href":"https:\/\/www.vuokattisafaris.com\/de\/wp-json\/wp\/v2\/pages\/14758","targetHints":{"allow":["GET"]}}],"collection":[{"href":"https:\/\/www.vuokattisafaris.com\/de\/wp-json\/wp\/v2\/pages"}],"about":[{"href":"https:\/\/www.vuokattisafaris.com\/de\/wp-json\/wp\/v2\/types\/page"}],"author":[{"embeddable":true,"href":"https:\/\/www.vuokattisafaris.com\/de\/wp-json\/wp\/v2\/users\/1"}],"replies":[{"embeddable":true,"href":"https:\/\/www.vuokattisafaris.com\/de\/wp-json\/wp\/v2\/comments?post=14758"}],"version-history":[{"count":26,"href":"https:\/\/www.vuokattisafaris.com\/de\/wp-json\/wp\/v2\/pages\/14758\/revisions"}],"predecessor-version":[{"id":17727,"href":"https:\/\/www.vuokattisafaris.com\/de\/wp-json\/wp\/v2\/pages\/14758\/revisions\/17727"}],"wp:attachment":[{"href":"https:\/\/www.vuokattisafaris.com\/de\/wp-json\/wp\/v2\/media?parent=14758"}],"curies":[{"name":"wp","href":"https:\/\/api.w.org\/{rel}","templated":true}]}}